{"id":101,"date":"2014-07-08T10:25:08","date_gmt":"2014-07-08T08:25:08","guid":{"rendered":"http:\/\/www.sec-comp.net\/v1\/?page_id=101"},"modified":"2014-12-21T12:18:00","modified_gmt":"2014-12-21T11:18:00","slug":"startseite-4","status":"publish","type":"page","link":"http:\/\/www.sec-comp.net\/v1\/?lang=de","title":{"rendered":"Startseite"},"content":{"rendered":"<p><strong>Willkommen auf meiner Web-Seite !<\/strong><\/p>\n<p style=\"text-align: justify;\">Seit 2006 biete ich kleinen und mittelst\u00e4ndischen Unternehmen sowie Privatkunden Unterst\u00fctzung im IT-Bereich. F\u00fcr einen problemlosen Betrieb ist ein IT-Partner wichtig, der auch nach der Installation f\u00fcr Sie da ist und nicht mit hohen Kosten aufwartet.<\/p>\n<p style=\"text-align: justify;\">Mein Dienstleistungen beziehen sich haupts\u00e4chlich auf Netzwerke und deren Wartung. Nat\u00fcrlich biete ich aber auch bei allen PC-Internet-Problemen, Installationen und Konfigurationen zuverl\u00e4ssige Unterst\u00fctzung. Egal ob das Probleme mit der Hardware, dem Betriebssystem oder anderer Software sind. Sie werden prompt und zuvorkommend betreut, vor Ort oder mit Fernwartung.<\/p>\n<p style=\"text-align: justify;\"><strong>Bitte beachten Sie, dass sich meine T\u00e4tigkeit auf den Raum M\u00fcnchen und Umgebung bezieht. Nach Absprache und Kostenvereinbarung ist es aber auch m\u00f6glich, dass ich Ihnen in ganz Bayern zur Verf\u00fcgung stehe<\/strong>. Besonders interessant ist dieser Punkt f\u00fcr <span style=\"color: #ff0000;\">Gesch\u00e4ftskunden<\/span> mit<span style=\"color: #ff0000;\"><a style=\"color: #ff0000;\" title=\"Wartungspakete\" href=\"http:\/\/www.sec-comp.net\/v1\/?page_id=117\"> Wartungspaketen<\/a><\/span>, da sich ein gro\u00dfteil der Netzwerk-Wartung per Fernzugriff realisieren l\u00e4sst. Aktivit\u00e4ten die vor Ort durchgef\u00fchrt werden m\u00fcssen, erfolgen nach gegenseitiger Terminabsprache.<\/p>\n<p style=\"text-align: justify;\">\n","protected":false},"excerpt":{"rendered":"<p>Willkommen auf meiner Web-Seite ! Seit 2006 biete ich kleinen und mittelst\u00e4ndischen Unternehmen sowie Privatkunden Unterst\u00fctzung im IT-Bereich. F\u00fcr einen problemlosen Betrieb ist ein IT-Partner wichtig, der auch nach der Installation f\u00fcr Sie da ist und nicht mit hohen Kosten aufwartet. Mein Dienstleistungen beziehen sich haupts\u00e4chlich auf Netzwerke und deren Wartung. Nat\u00fcrlich biete ich aber [&hellip;]<\/p>\n","protected":false},"author":1,"featured_media":0,"parent":0,"menu_order":0,"comment_status":"closed","ping_status":"open","template":"","meta":{"footnotes":""},"class_list":["post-101","page","type-page","status-publish","hentry"],"_links":{"self":[{"href":"http:\/\/www.sec-comp.net\/v1\/index.php?rest_route=\/wp\/v2\/pages\/101","targetHints":{"allow":["GET"]}}],"collection":[{"href":"http:\/\/www.sec-comp.net\/v1\/index.php?rest_route=\/wp\/v2\/pages"}],"about":[{"href":"http:\/\/www.sec-comp.net\/v1\/index.php?rest_route=\/wp\/v2\/types\/page"}],"author":[{"embeddable":true,"href":"http:\/\/www.sec-comp.net\/v1\/index.php?rest_route=\/wp\/v2\/users\/1"}],"replies":[{"embeddable":true,"href":"http:\/\/www.sec-comp.net\/v1\/index.php?rest_route=%2Fwp%2Fv2%2Fcomments&post=101"}],"version-history":[{"count":16,"href":"http:\/\/www.sec-comp.net\/v1\/index.php?rest_route=\/wp\/v2\/pages\/101\/revisions"}],"predecessor-version":[{"id":304,"href":"http:\/\/www.sec-comp.net\/v1\/index.php?rest_route=\/wp\/v2\/pages\/101\/revisions\/304"}],"wp:attachment":[{"href":"http:\/\/www.sec-comp.net\/v1\/index.php?rest_route=%2Fwp%2Fv2%2Fmedia&parent=101"}],"curies":[{"name":"wp","href":"https:\/\/api.w.org\/{rel}","templated":true}]}}