{"id":107,"date":"2014-07-08T10:46:13","date_gmt":"2014-07-08T08:46:13","guid":{"rendered":"http:\/\/www.sec-comp.net\/v1\/?page_id=107"},"modified":"2014-07-09T12:29:30","modified_gmt":"2014-07-09T10:29:30","slug":"usluge-2","status":"publish","type":"page","link":"http:\/\/www.sec-comp.net\/v1\/?page_id=107","title":{"rendered":"Usluge"},"content":{"rendered":"<p>&nbsp;<\/p>\n<p>Ja za Vas mogu sljede\u0107e da uradim:<\/p>\n<address>1.\u00a0 Instaliranje i konfiguracija ra\u010dunara i servera (Windows ili Linux) <a title=\"Instaliranje sistema\" href=\"http:\/\/www.sec-comp.net\/v1\/?page_id=135\"><span style=\"color: red;\">[vi\u0161e]<\/span><\/a><\/address>\n<address>2. Umre\u017eavanje ra\u010dunara i servera (ku\u0107na varijanta ili poslovna varijanta) <a title=\"Mre\u017ena rje\u0161enja\" href=\"http:\/\/www.sec-comp.net\/v1\/?page_id=144\"><span style=\"color: red;\">[vi\u0161e]<\/span><\/a><\/address>\n<address>3. \u010ci\u0161\u0107enje ra\u010dunara od virusa, crva, trojanaca i sl. <a title=\"Uklanjanje virusa i trojanaca\" href=\"http:\/\/www.sec-comp.net\/v1\/?page_id=148\"><span style=\"color: red;\">[vi\u0161e]<\/span><\/a><\/address>\n<address>4. Spa\u0161avanje podataka <a title=\"Spa\u0161avanje podataka\" href=\"http:\/\/www.sec-comp.net\/v1\/?page_id=146\"><span style=\"color: red;\">[vi\u0161e]<\/span><\/a><\/address>\n<address>5. Servis i popravak ra\u010dunara <a title=\"Popravak ra\u010dunara\" href=\"http:\/\/www.sec-comp.net\/v1\/?page_id=139\"><span style=\"color: red;\">[vi\u0161e]<\/span><\/a><\/address>\n<address>6. Ugradnja i pode\u0161avanje IP video nadzora <a title=\"IP video nadzor\" href=\"http:\/\/www.sec-comp.net\/v1\/?page_id=153\"><span style=\"color: #ff0000;\">[vi\u0161e]<\/span><\/a><\/address>\n","protected":false},"excerpt":{"rendered":"<p>&nbsp; Ja za Vas mogu sljede\u0107e da uradim: 1.\u00a0 Instaliranje i konfiguracija ra\u010dunara i servera (Windows ili Linux) [vi\u0161e] 2. Umre\u017eavanje ra\u010dunara i servera (ku\u0107na varijanta ili poslovna varijanta) [vi\u0161e] 3. \u010ci\u0161\u0107enje ra\u010dunara od virusa, crva, trojanaca i sl. [vi\u0161e] 4. Spa\u0161avanje podataka [vi\u0161e] 5. Servis i popravak ra\u010dunara [vi\u0161e] 6. Ugradnja i pode\u0161avanje IP [&hellip;]<\/p>\n","protected":false},"author":1,"featured_media":0,"parent":0,"menu_order":0,"comment_status":"closed","ping_status":"open","template":"","meta":{"footnotes":""},"class_list":["post-107","page","type-page","status-publish","hentry"],"_links":{"self":[{"href":"http:\/\/www.sec-comp.net\/v1\/index.php?rest_route=\/wp\/v2\/pages\/107","targetHints":{"allow":["GET"]}}],"collection":[{"href":"http:\/\/www.sec-comp.net\/v1\/index.php?rest_route=\/wp\/v2\/pages"}],"about":[{"href":"http:\/\/www.sec-comp.net\/v1\/index.php?rest_route=\/wp\/v2\/types\/page"}],"author":[{"embeddable":true,"href":"http:\/\/www.sec-comp.net\/v1\/index.php?rest_route=\/wp\/v2\/users\/1"}],"replies":[{"embeddable":true,"href":"http:\/\/www.sec-comp.net\/v1\/index.php?rest_route=%2Fwp%2Fv2%2Fcomments&post=107"}],"version-history":[{"count":17,"href":"http:\/\/www.sec-comp.net\/v1\/index.php?rest_route=\/wp\/v2\/pages\/107\/revisions"}],"predecessor-version":[{"id":184,"href":"http:\/\/www.sec-comp.net\/v1\/index.php?rest_route=\/wp\/v2\/pages\/107\/revisions\/184"}],"wp:attachment":[{"href":"http:\/\/www.sec-comp.net\/v1\/index.php?rest_route=%2Fwp%2Fv2%2Fmedia&parent=107"}],"curies":[{"name":"wp","href":"https:\/\/api.w.org\/{rel}","templated":true}]}}