{"id":115,"date":"2014-07-08T11:07:08","date_gmt":"2014-07-08T09:07:08","guid":{"rendered":"http:\/\/www.sec-comp.net\/v1\/?page_id=115"},"modified":"2014-08-13T11:26:56","modified_gmt":"2014-08-13T09:26:56","slug":"paketi-odrzavanja-2","status":"publish","type":"page","link":"http:\/\/www.sec-comp.net\/v1\/?page_id=115","title":{"rendered":"Paketi odr\u017eavanja"},"content":{"rendered":"<p style=\"text-align: left;\">Posebno interesantno za firme ili neke druge pravne subjekte mogli bi biti moji paketi odr\u017eavanja. Naravno da pored ovih paketa odr\u017eavanja postoji i &#8222;klasi\u010dni&#8220; oblik podr\u0161ke klijentima, tj. dolazak po pozivu.<\/p>\n<p style=\"text-align: left;\">\n<span style=\"color: #000000; font-size: medium;\"><strong>Za\u0161to je Vama potreban ugovor o odr\u017eavanju mre\u017ee i ra\u010dunara ?<\/strong><\/span><\/p>\n<p style=\"text-align: justify;\">Postoji nekoliko razloga &#8211; osnovni je da redovnim odr\u017eavanjem obezbje\u0111ujemo <strong>nesmetani<\/strong> rad Va\u0161ih ra\u010dunara i ra\u010dunarske mre\u017ee. Periodi\u010dne akcije na informacionom sistemu (fizi\u010dko \u010di\u0161\u0107enje ure\u0111aja, defragmentacije, analiza logova, itd.) predstavljaju preventivno odr\u017eavanje. Pored toga izvodi se i proaktivno odr\u017eavanje &#8211;\u00a0odr\u017eavanje gdje pomo\u0107u alatki za nadgledanje poku\u0161avamo uo\u010diti <strong>potencijalne probleme<\/strong>\u00a0i <strong>odmah ih eleminisati<\/strong>. Ovim vidom odr\u017eavanja znatno se <strong>smanjuje rizik od gubitaka podataka (ugovori, mailovi, dokumentacija i sl.)<\/strong> na Va\u0161im diskovima.<\/p>\n<p style=\"text-align: justify;\"><strong>Koju ja to\u00a0opremu u stvari odr\u017eavam ?<\/strong><\/p>\n<ul>\n<li>\n<div style=\"text-align: justify;\">svi desktop i notebook ra\u010dunari<\/div>\n<\/li>\n<li>\n<div style=\"text-align: justify;\">svi serveri<\/div>\n<\/li>\n<li>\n<div style=\"text-align: justify;\">\u0161tampa\u010di<\/div>\n<\/li>\n<li>\n<div style=\"text-align: justify;\">aktivna i pasivna mre\u017ena oprema<\/div>\n<\/li>\n<li>\n<div style=\"text-align: justify;\">Microsoft i Linux operativni sistemi<\/div>\n<\/li>\n<li>\n<div style=\"text-align: left;\">antivirus programi<\/div>\n<\/li>\n<\/ul>\n<p><strong>U ponudi su tri paketa odr\u017eavanja:<\/strong><\/p>\n<address><span style=\"color: #ff0000;\"><strong>1. Paket &#8222;Basic&#8220;<\/strong><\/span><\/address>\n<address>\n<ul>\n<li><span style=\"font-size: medium;\"><span style=\"font-size: small;\">mjese\u010dno odr\u017eavanje 8 sati, 5 radnih dana (ponedeljak &#8211; petak, 8.00 &#8211; 16.00)<\/span><\/span><\/li>\n<li><span style=\"font-size: medium;\"><span style=\"font-size: small;\">najkasnije vrijeme reagovanja do 24 sata po prijavi<\/span><\/span><\/li>\n<\/ul>\n<\/address>\n<address><span style=\"color: #ff0000;\"><strong>2. Paket &#8222;Standard&#8220;<\/strong><\/span><\/address>\n<address>\n<ul>\n<li><span style=\"font-size: medium;\"><span style=\"font-size: small;\">mjese\u010dno odr\u017eavanje 8 sati, 5 radnih dana (ponedeljak &#8211; petak, 8.00 &#8211; 16.00)<\/span><\/span><\/li>\n<li><span style=\"font-size: medium;\"><span style=\"font-size: small;\">najkasnije vrijeme reagovanja do 5 sati po prijavi<\/span><\/span><\/li>\n<li><span style=\"font-size: small;\">udaljeni nadzor ra\u010dunarske mre\u017ee i servera (ukoliko postoji potrebna infrastruktura)<\/span><\/li>\n<\/ul>\n<\/address>\n<address><span style=\"color: #ff0000;\"><strong>3. Paket &#8222;Standard Plus&#8220;<\/strong><\/span><\/address>\n<ul>\n<li><span style=\"font-size: medium;\"><span style=\"font-size: small;\"><span style=\"font-size: medium;\"><span style=\"font-size: small;\">mjese\u010dno odr\u017eavanje 8 sati,\u00a06 radnih dana (ponedeljak &#8211; petak, 8.00 &#8211; 16.00 + subota 9.00 &#8211; 14.00)<\/span><\/span><\/span><\/span><\/li>\n<li><span style=\"font-size: medium;\"><span style=\"font-size: small;\">najkasnije vrijeme reagovanja do 5 sati po prijavi<\/span><\/span><\/li>\n<li><span style=\"font-size: small;\">udaljeni nadzor ra\u010dunarske mre\u017ee i servera (ukoliko postoji potrebna infrastruktura)<\/span><\/li>\n<\/ul>\n<p><strong>Iznos mjese\u010dne naknade odr\u017eavanja zavisi od paketa usluga, broja servera i korisnika, kao i koli\u010dine opreme koji su obuhva\u0107eni paketom.<\/strong><\/p>\n<p>&nbsp;<\/p>\n","protected":false},"excerpt":{"rendered":"<p>Posebno interesantno za firme ili neke druge pravne subjekte mogli bi biti moji paketi odr\u017eavanja. Naravno da pored ovih paketa odr\u017eavanja postoji i &#8222;klasi\u010dni&#8220; oblik podr\u0161ke klijentima, tj. dolazak po pozivu. Za\u0161to je Vama potreban ugovor o odr\u017eavanju mre\u017ee i ra\u010dunara ? Postoji nekoliko razloga &#8211; osnovni je da redovnim odr\u017eavanjem obezbje\u0111ujemo nesmetani rad Va\u0161ih [&hellip;]<\/p>\n","protected":false},"author":1,"featured_media":0,"parent":0,"menu_order":0,"comment_status":"closed","ping_status":"open","template":"","meta":{"footnotes":""},"class_list":["post-115","page","type-page","status-publish","hentry"],"_links":{"self":[{"href":"http:\/\/www.sec-comp.net\/v1\/index.php?rest_route=\/wp\/v2\/pages\/115","targetHints":{"allow":["GET"]}}],"collection":[{"href":"http:\/\/www.sec-comp.net\/v1\/index.php?rest_route=\/wp\/v2\/pages"}],"about":[{"href":"http:\/\/www.sec-comp.net\/v1\/index.php?rest_route=\/wp\/v2\/types\/page"}],"author":[{"embeddable":true,"href":"http:\/\/www.sec-comp.net\/v1\/index.php?rest_route=\/wp\/v2\/users\/1"}],"replies":[{"embeddable":true,"href":"http:\/\/www.sec-comp.net\/v1\/index.php?rest_route=%2Fwp%2Fv2%2Fcomments&post=115"}],"version-history":[{"count":11,"href":"http:\/\/www.sec-comp.net\/v1\/index.php?rest_route=\/wp\/v2\/pages\/115\/revisions"}],"predecessor-version":[{"id":261,"href":"http:\/\/www.sec-comp.net\/v1\/index.php?rest_route=\/wp\/v2\/pages\/115\/revisions\/261"}],"wp:attachment":[{"href":"http:\/\/www.sec-comp.net\/v1\/index.php?rest_route=%2Fwp%2Fv2%2Fmedia&parent=115"}],"curies":[{"name":"wp","href":"https:\/\/api.w.org\/{rel}","templated":true}]}}