{"id":119,"date":"2014-07-08T11:14:59","date_gmt":"2014-07-08T09:14:59","guid":{"rendered":"http:\/\/www.sec-comp.net\/v1\/?page_id=119"},"modified":"2023-06-28T13:20:14","modified_gmt":"2023-06-28T11:20:14","slug":"kontakt-2","status":"publish","type":"page","link":"http:\/\/www.sec-comp.net\/v1\/?page_id=119","title":{"rendered":"Kontakt"},"content":{"rendered":"<h4><strong>SeComp &#8211; \u017deljko \u0110ur\u0111i\u0107, s.p<\/strong><\/h4>\n<h4><\/h4>\n<h4>Seferovci bb<\/h4>\n<h4>78418 Nova Topola &#8211; RS\/BiH<\/h4>\n<h4>Tel: +387 51 922 970<\/h4>\n<h4>Mob: +387 65 519 206<\/h4>\n<h4><span style=\"text-decoration: underline;\">E-mail:<\/span> info@sec-comp.net<\/h4>\n","protected":false},"excerpt":{"rendered":"<p>SeComp &#8211; \u017deljko \u0110ur\u0111i\u0107, s.p Seferovci bb 78418 Nova Topola &#8211; RS\/BiH Tel: +387 51 922 970 Mob: +387 65 519 206 E-mail: info@sec-comp.net<\/p>\n","protected":false},"author":1,"featured_media":0,"parent":0,"menu_order":0,"comment_status":"closed","ping_status":"open","template":"","meta":{"footnotes":""},"class_list":["post-119","page","type-page","status-publish","hentry"],"_links":{"self":[{"href":"http:\/\/www.sec-comp.net\/v1\/index.php?rest_route=\/wp\/v2\/pages\/119","targetHints":{"allow":["GET"]}}],"collection":[{"href":"http:\/\/www.sec-comp.net\/v1\/index.php?rest_route=\/wp\/v2\/pages"}],"about":[{"href":"http:\/\/www.sec-comp.net\/v1\/index.php?rest_route=\/wp\/v2\/types\/page"}],"author":[{"embeddable":true,"href":"http:\/\/www.sec-comp.net\/v1\/index.php?rest_route=\/wp\/v2\/users\/1"}],"replies":[{"embeddable":true,"href":"http:\/\/www.sec-comp.net\/v1\/index.php?rest_route=%2Fwp%2Fv2%2Fcomments&post=119"}],"version-history":[{"count":5,"href":"http:\/\/www.sec-comp.net\/v1\/index.php?rest_route=\/wp\/v2\/pages\/119\/revisions"}],"predecessor-version":[{"id":339,"href":"http:\/\/www.sec-comp.net\/v1\/index.php?rest_route=\/wp\/v2\/pages\/119\/revisions\/339"}],"wp:attachment":[{"href":"http:\/\/www.sec-comp.net\/v1\/index.php?rest_route=%2Fwp%2Fv2%2Fmedia&parent=119"}],"curies":[{"name":"wp","href":"https:\/\/api.w.org\/{rel}","templated":true}]}}