{"id":135,"date":"2014-07-08T11:36:12","date_gmt":"2014-07-08T09:36:12","guid":{"rendered":"http:\/\/www.sec-comp.net\/v1\/?page_id=135"},"modified":"2023-06-28T13:25:31","modified_gmt":"2023-06-28T11:25:31","slug":"instaliranje-sistema","status":"publish","type":"page","link":"http:\/\/www.sec-comp.net\/v1\/?page_id=135","title":{"rendered":"Instaliranje sistema"},"content":{"rendered":"<p><a href=\"http:\/\/www.sec-comp.net\/v1\/wp-content\/uploads\/2014\/07\/linux_20_july_20103-1_html_m191ca66a.jpg\"><img loading=\"lazy\" decoding=\"async\" class=\"aligncenter size-medium wp-image-195\" src=\"http:\/\/www.sec-comp.net\/v1\/wp-content\/uploads\/2014\/07\/linux_20_july_20103-1_html_m191ca66a-300x88.jpg\" alt=\"linux_20_july_20103-1_html_m191ca66a\" width=\"300\" height=\"88\" srcset=\"http:\/\/www.sec-comp.net\/v1\/wp-content\/uploads\/2014\/07\/linux_20_july_20103-1_html_m191ca66a-300x88.jpg 300w, http:\/\/www.sec-comp.net\/v1\/wp-content\/uploads\/2014\/07\/linux_20_july_20103-1_html_m191ca66a.jpg 383w\" sizes=\"auto, (max-width: 300px) 100vw, 300px\" \/><\/a><\/p>\n<p style=\"text-align: justify;\">Ukoliko imate ra\u010dunar ili laptop bez operativnog sistema ili je Va\u0161 trenutni OS zara\u017een u toj mjeri virusima da se ne isplati \u010di\u0161\u0107enje, potrebna Vam je nova instalcija operativnog sistema. Svi postoje\u0107i podaci (slike, dokumenta, muzika&#8230;) na Va\u0161em ra\u010dunara\/laptopu bi\u0107e sa\u010duvani na\u00a0 USB-stiku ili preba\u010deni u Cloud.<\/p>\n<p><span style=\"color: #000000;\"><strong><span class=\"auto-style11\"><span class=\"auto-style14\">\u0160ta sve ulazi u kompletnu instalaciju operativnog sistema?<\/span><\/span><\/strong><br \/>\n<\/span><span class=\"auto-style11\"><span class=\"auto-style11\"><br \/>\n&#8211; I<\/span>nstalacija operativnog sistema (Windows 7-11, Linux ili MacOS)<br \/>\n&#8211; Instalacija antivirusne za\u0161tite (AVG, Avast, Avira&#8230;)<br \/>\n&#8211; Instalacija programa za video i audio (VLC) sa kodecima<br \/>\n&#8211; Instalacija programa za interent (IE, Edge, Chrome, Mozilla ili Opera)<br \/>\n&#8211; Instalacija programa za slike (IrfanView, GIMP)<br \/>\n&#8211; Open Office ili LibreOffice ( zamena za Microsoft Office )<br \/>\n&#8211; Instalacija programa za narezivanje CD\/DVD medija (CDBurner)<br \/>\n&#8211; Instalacija programa za zipovane fajlove (7zip)<br \/>\n&#8211; Skype, Messenger<br \/>\n&#8211; PDF \u010dita\u010di (Adobe Reader, PDF Creator)<br \/>\n&#8211; Team Viewer, AnyDesk<\/span><\/p>\n","protected":false},"excerpt":{"rendered":"<p>Ukoliko imate ra\u010dunar ili laptop bez operativnog sistema ili je Va\u0161 trenutni OS zara\u017een u toj mjeri virusima da se ne isplati \u010di\u0161\u0107enje, potrebna Vam je nova instalcija operativnog sistema. Svi postoje\u0107i podaci (slike, dokumenta, muzika&#8230;) na Va\u0161em ra\u010dunara\/laptopu bi\u0107e sa\u010duvani na\u00a0 USB-stiku ili preba\u010deni u Cloud. \u0160ta sve ulazi u kompletnu instalaciju operativnog sistema? [&hellip;]<\/p>\n","protected":false},"author":1,"featured_media":0,"parent":107,"menu_order":0,"comment_status":"closed","ping_status":"open","template":"","meta":{"footnotes":""},"class_list":["post-135","page","type-page","status-publish","hentry"],"_links":{"self":[{"href":"http:\/\/www.sec-comp.net\/v1\/index.php?rest_route=\/wp\/v2\/pages\/135","targetHints":{"allow":["GET"]}}],"collection":[{"href":"http:\/\/www.sec-comp.net\/v1\/index.php?rest_route=\/wp\/v2\/pages"}],"about":[{"href":"http:\/\/www.sec-comp.net\/v1\/index.php?rest_route=\/wp\/v2\/types\/page"}],"author":[{"embeddable":true,"href":"http:\/\/www.sec-comp.net\/v1\/index.php?rest_route=\/wp\/v2\/users\/1"}],"replies":[{"embeddable":true,"href":"http:\/\/www.sec-comp.net\/v1\/index.php?rest_route=%2Fwp%2Fv2%2Fcomments&post=135"}],"version-history":[{"count":14,"href":"http:\/\/www.sec-comp.net\/v1\/index.php?rest_route=\/wp\/v2\/pages\/135\/revisions"}],"predecessor-version":[{"id":344,"href":"http:\/\/www.sec-comp.net\/v1\/index.php?rest_route=\/wp\/v2\/pages\/135\/revisions\/344"}],"up":[{"embeddable":true,"href":"http:\/\/www.sec-comp.net\/v1\/index.php?rest_route=\/wp\/v2\/pages\/107"}],"wp:attachment":[{"href":"http:\/\/www.sec-comp.net\/v1\/index.php?rest_route=%2Fwp%2Fv2%2Fmedia&parent=135"}],"curies":[{"name":"wp","href":"https:\/\/api.w.org\/{rel}","templated":true}]}}