{"id":139,"date":"2014-07-08T11:38:33","date_gmt":"2014-07-08T09:38:33","guid":{"rendered":"http:\/\/www.sec-comp.net\/v1\/?page_id=139"},"modified":"2014-08-12T11:54:53","modified_gmt":"2014-08-12T09:54:53","slug":"popravak-raunara","status":"publish","type":"page","link":"http:\/\/www.sec-comp.net\/v1\/?page_id=139","title":{"rendered":"Popravak ra\u010dunara"},"content":{"rendered":"<p style=\"text-align: justify;\">Kao i ve\u0107ina tehni\u010dkih ure\u0111aja, tako \u0107e i ra\u010dunar jednog dana da prestane sa radom. Uzrok prestanka normalnog rada mo\u017ee biti softverske ili hardverske prirode. Po pozivu i opisu problema dolazim na Va\u0161u adresu, a u zavisnosti od kvara, popravljam ra\u010dunar na licu mjesta ili ga nosim u servis na popravak. Svaki ra\u010dunar u servisu se detaljno o\u010disti od pra\u0161ine koja se nakuplja u ventilatorima i hladnjacima, pra\u0161ina koja direktno uti\u010de na rad ra\u010dunara, kao i na vijek trajanja njegovih komponenti. Preventivno odr\u017eavanje ra\u010dunara zna\u010dajno produ\u017eava trajanje komponenti i time umanjuje mogu\u0107nost kvarova.<\/p>\n","protected":false},"excerpt":{"rendered":"<p>Kao i ve\u0107ina tehni\u010dkih ure\u0111aja, tako \u0107e i ra\u010dunar jednog dana da prestane sa radom. Uzrok prestanka normalnog rada mo\u017ee biti softverske ili hardverske prirode. Po pozivu i opisu problema dolazim na Va\u0161u adresu, a u zavisnosti od kvara, popravljam ra\u010dunar na licu mjesta ili ga nosim u servis na popravak. Svaki ra\u010dunar u servisu [&hellip;]<\/p>\n","protected":false},"author":1,"featured_media":0,"parent":107,"menu_order":5,"comment_status":"closed","ping_status":"open","template":"","meta":{"footnotes":""},"class_list":["post-139","page","type-page","status-publish","hentry"],"_links":{"self":[{"href":"http:\/\/www.sec-comp.net\/v1\/index.php?rest_route=\/wp\/v2\/pages\/139","targetHints":{"allow":["GET"]}}],"collection":[{"href":"http:\/\/www.sec-comp.net\/v1\/index.php?rest_route=\/wp\/v2\/pages"}],"about":[{"href":"http:\/\/www.sec-comp.net\/v1\/index.php?rest_route=\/wp\/v2\/types\/page"}],"author":[{"embeddable":true,"href":"http:\/\/www.sec-comp.net\/v1\/index.php?rest_route=\/wp\/v2\/users\/1"}],"replies":[{"embeddable":true,"href":"http:\/\/www.sec-comp.net\/v1\/index.php?rest_route=%2Fwp%2Fv2%2Fcomments&post=139"}],"version-history":[{"count":6,"href":"http:\/\/www.sec-comp.net\/v1\/index.php?rest_route=\/wp\/v2\/pages\/139\/revisions"}],"predecessor-version":[{"id":242,"href":"http:\/\/www.sec-comp.net\/v1\/index.php?rest_route=\/wp\/v2\/pages\/139\/revisions\/242"}],"up":[{"embeddable":true,"href":"http:\/\/www.sec-comp.net\/v1\/index.php?rest_route=\/wp\/v2\/pages\/107"}],"wp:attachment":[{"href":"http:\/\/www.sec-comp.net\/v1\/index.php?rest_route=%2Fwp%2Fv2%2Fmedia&parent=139"}],"curies":[{"name":"wp","href":"https:\/\/api.w.org\/{rel}","templated":true}]}}