{"id":144,"date":"2014-07-08T11:43:31","date_gmt":"2014-07-08T09:43:31","guid":{"rendered":"http:\/\/www.sec-comp.net\/v1\/?page_id=144"},"modified":"2023-06-28T13:26:31","modified_gmt":"2023-06-28T11:26:31","slug":"mrezna-rjesenja","status":"publish","type":"page","link":"http:\/\/www.sec-comp.net\/v1\/?page_id=144","title":{"rendered":"Umre\u017eavanje ra\u010dunara"},"content":{"rendered":"<p style=\"text-align: justify;\">Radi \u0161to bolje iskori\u0161tenost zajedni\u010dkih ure\u0111aja (\u0161tampa\u010di, skeneri, ruteri,&#8230;) potrebno je da sve ure\u0111aje dodamo u jednu zajedni\u010dku mre\u017eu. \u0160ta to u stvari zna\u010di ? To zna\u010di da u ku\u0107noj mre\u017ei svi ra\u010dunari mogu koristiti jedan zajedni\u010dki \u0161tampa\u010d, svi ra\u010dunari, tableti, telefoni mogu istovremeno koristiti internet, podaci sa jednog ure\u0111aja mogu se prebacivati na drugi, itd.<\/p>\n<p><a href=\"http:\/\/www.sec-comp.net\/v1\/wp-content\/uploads\/2014\/07\/personal-area-network1.png\"><img loading=\"lazy\" decoding=\"async\" class=\"aligncenter wp-image-217 size-medium\" src=\"http:\/\/www.sec-comp.net\/v1\/wp-content\/uploads\/2014\/07\/personal-area-network1-300x225.png\" alt=\"Mre\u017ea\" width=\"300\" height=\"225\" srcset=\"http:\/\/www.sec-comp.net\/v1\/wp-content\/uploads\/2014\/07\/personal-area-network1-300x225.png 300w, http:\/\/www.sec-comp.net\/v1\/wp-content\/uploads\/2014\/07\/personal-area-network1.png 600w\" sizes=\"auto, (max-width: 300px) 100vw, 300px\" \/><\/a><\/p>\n<p style=\"text-align: justify;\">Brzo i kvaliteno mogu da umre\u017eim Va\u0161e ra\u010dunare, laptopove, tablete i telefone u ku\u0107ama ili u poslovnim prostorima. Pored softverskog pode\u0161avanja ure\u0111aja, postavljam i kanalice i potrebne mre\u017ene kablove.<\/p>\n<address style=\"text-align: justify;\">&#8211; povezivanje opti\u010dkog, kablovskog ili ADSL modema<\/address>\n<address style=\"text-align: justify;\">&#8211; postavljanje i konfiguracija wireless rutera na modem<\/address>\n<address style=\"text-align: justify;\">&#8211; pode\u0161avanje konekcije<\/address>\n<address style=\"text-align: justify;\">&#8211; umre\u017eavanje svih postoje\u0107ih ure\u0111aja<\/address>\n<address style=\"text-align: justify;\">&#8211; antivirusna za\u0161tita<\/address>\n<address style=\"text-align: justify;\">\u00a0<\/address>\n<p style=\"text-align: justify;\">Pored ovih usluga vr\u0161im i instalaciju i konfiguraciju servera, bilo da se radi o radnoj grupi ili o domeni. Ako imate potrebu za sopstvenim web serverom, mail serverom ili file serverom, javite se i zajedni\u010dki \u0107emo na\u0107i najbolje rje\u0161enje za Va\u0161u firmu.<\/p>\n<p style=\"text-align: justify;\">\n","protected":false},"excerpt":{"rendered":"<p>Radi \u0161to bolje iskori\u0161tenost zajedni\u010dkih ure\u0111aja (\u0161tampa\u010di, skeneri, ruteri,&#8230;) potrebno je da sve ure\u0111aje dodamo u jednu zajedni\u010dku mre\u017eu. \u0160ta to u stvari zna\u010di ? To zna\u010di da u ku\u0107noj mre\u017ei svi ra\u010dunari mogu koristiti jedan zajedni\u010dki \u0161tampa\u010d, svi ra\u010dunari, tableti, telefoni mogu istovremeno koristiti internet, podaci sa jednog ure\u0111aja mogu se prebacivati na drugi, [&hellip;]<\/p>\n","protected":false},"author":1,"featured_media":0,"parent":107,"menu_order":2,"comment_status":"closed","ping_status":"open","template":"","meta":{"footnotes":""},"class_list":["post-144","page","type-page","status-publish","hentry"],"_links":{"self":[{"href":"http:\/\/www.sec-comp.net\/v1\/index.php?rest_route=\/wp\/v2\/pages\/144","targetHints":{"allow":["GET"]}}],"collection":[{"href":"http:\/\/www.sec-comp.net\/v1\/index.php?rest_route=\/wp\/v2\/pages"}],"about":[{"href":"http:\/\/www.sec-comp.net\/v1\/index.php?rest_route=\/wp\/v2\/types\/page"}],"author":[{"embeddable":true,"href":"http:\/\/www.sec-comp.net\/v1\/index.php?rest_route=\/wp\/v2\/users\/1"}],"replies":[{"embeddable":true,"href":"http:\/\/www.sec-comp.net\/v1\/index.php?rest_route=%2Fwp%2Fv2%2Fcomments&post=144"}],"version-history":[{"count":13,"href":"http:\/\/www.sec-comp.net\/v1\/index.php?rest_route=\/wp\/v2\/pages\/144\/revisions"}],"predecessor-version":[{"id":345,"href":"http:\/\/www.sec-comp.net\/v1\/index.php?rest_route=\/wp\/v2\/pages\/144\/revisions\/345"}],"up":[{"embeddable":true,"href":"http:\/\/www.sec-comp.net\/v1\/index.php?rest_route=\/wp\/v2\/pages\/107"}],"wp:attachment":[{"href":"http:\/\/www.sec-comp.net\/v1\/index.php?rest_route=%2Fwp%2Fv2%2Fmedia&parent=144"}],"curies":[{"name":"wp","href":"https:\/\/api.w.org\/{rel}","templated":true}]}}