{"id":146,"date":"2014-07-08T11:44:12","date_gmt":"2014-07-08T09:44:12","guid":{"rendered":"http:\/\/www.sec-comp.net\/v1\/?page_id=146"},"modified":"2023-06-28T13:28:45","modified_gmt":"2023-06-28T11:28:45","slug":"spasavanje-podataka","status":"publish","type":"page","link":"http:\/\/www.sec-comp.net\/v1\/?page_id=146","title":{"rendered":"Spa\u0161avanje podataka i backup"},"content":{"rendered":"<p><strong>Nestali su Vam podaci sa ra\u010dunara ili USB-stika?<\/strong><\/p>\n<p>Podatke koje ste namjerno ili gre\u0161kom obrisali i dalje se nalaze na disku, samo je bitno da nakon toga ni\u0161ta ne radite na ra\u010dunaru. Podaci nisu vidljivi, ali specijalnim softverom se mogu vratiti. Ako Vam se to desilo, pozovite me i ja dolazim po Va\u0161 hard disk. Spa\u0161avanje podataka je vremenski veoma zahtjevna operacija, tako da spa\u0161avanje obavljam u svojim prostorijama. Spa\u0161ene podatke po \u017eelji snimam na USB-stik ili postavljam u Cloud.<\/p>\n<p><a href=\"http:\/\/www.sec-comp.net\/v1\/wp-content\/uploads\/2014\/07\/spasavanje.jpg\"><img loading=\"lazy\" decoding=\"async\" class=\"aligncenter size-medium wp-image-232\" src=\"http:\/\/www.sec-comp.net\/v1\/wp-content\/uploads\/2014\/07\/spasavanje-300x211.jpg\" alt=\"hdd_05\" width=\"300\" height=\"211\" srcset=\"http:\/\/www.sec-comp.net\/v1\/wp-content\/uploads\/2014\/07\/spasavanje-300x211.jpg 300w, http:\/\/www.sec-comp.net\/v1\/wp-content\/uploads\/2014\/07\/spasavanje.jpg 412w\" sizes=\"auto, (max-width: 300px) 100vw, 300px\" \/><\/a>Da Vam se ovakve stvari ne bi de\u0161avale, potrebno je redovno pravite rezervne kopije (Backup) Va\u0161ih podataka. Rado \u0107u Vam pomo\u0107i da se proces backup-a automatizuje, tako da ne morate brinuti o pravljenju rezervnih kopija.<\/p>\n","protected":false},"excerpt":{"rendered":"<p>Nestali su Vam podaci sa ra\u010dunara ili USB-stika? Podatke koje ste namjerno ili gre\u0161kom obrisali i dalje se nalaze na disku, samo je bitno da nakon toga ni\u0161ta ne radite na ra\u010dunaru. Podaci nisu vidljivi, ali specijalnim softverom se mogu vratiti. Ako Vam se to desilo, pozovite me i ja dolazim po Va\u0161 hard disk. [&hellip;]<\/p>\n","protected":false},"author":1,"featured_media":0,"parent":107,"menu_order":3,"comment_status":"closed","ping_status":"open","template":"","meta":{"footnotes":""},"class_list":["post-146","page","type-page","status-publish","hentry"],"_links":{"self":[{"href":"http:\/\/www.sec-comp.net\/v1\/index.php?rest_route=\/wp\/v2\/pages\/146","targetHints":{"allow":["GET"]}}],"collection":[{"href":"http:\/\/www.sec-comp.net\/v1\/index.php?rest_route=\/wp\/v2\/pages"}],"about":[{"href":"http:\/\/www.sec-comp.net\/v1\/index.php?rest_route=\/wp\/v2\/types\/page"}],"author":[{"embeddable":true,"href":"http:\/\/www.sec-comp.net\/v1\/index.php?rest_route=\/wp\/v2\/users\/1"}],"replies":[{"embeddable":true,"href":"http:\/\/www.sec-comp.net\/v1\/index.php?rest_route=%2Fwp%2Fv2%2Fcomments&post=146"}],"version-history":[{"count":9,"href":"http:\/\/www.sec-comp.net\/v1\/index.php?rest_route=\/wp\/v2\/pages\/146\/revisions"}],"predecessor-version":[{"id":346,"href":"http:\/\/www.sec-comp.net\/v1\/index.php?rest_route=\/wp\/v2\/pages\/146\/revisions\/346"}],"up":[{"embeddable":true,"href":"http:\/\/www.sec-comp.net\/v1\/index.php?rest_route=\/wp\/v2\/pages\/107"}],"wp:attachment":[{"href":"http:\/\/www.sec-comp.net\/v1\/index.php?rest_route=%2Fwp%2Fv2%2Fmedia&parent=146"}],"curies":[{"name":"wp","href":"https:\/\/api.w.org\/{rel}","templated":true}]}}