{"id":148,"date":"2014-07-08T11:44:48","date_gmt":"2014-07-08T09:44:48","guid":{"rendered":"http:\/\/www.sec-comp.net\/v1\/?page_id=148"},"modified":"2014-07-11T13:58:20","modified_gmt":"2014-07-11T11:58:20","slug":"uklanjanje-virusa-i-trojanaca","status":"publish","type":"page","link":"http:\/\/www.sec-comp.net\/v1\/?page_id=148","title":{"rendered":"Uklanjanje virusa i trojanaca"},"content":{"rendered":"<p><a href=\"http:\/\/www.sec-comp.net\/v1\/wp-content\/uploads\/2014\/07\/comparativa-antivirus-gratis.jpg\"><img loading=\"lazy\" decoding=\"async\" class=\"aligncenter wp-image-201 size-full\" src=\"http:\/\/www.sec-comp.net\/v1\/wp-content\/uploads\/2014\/07\/comparativa-antivirus-gratis.jpg\" alt=\"comparativa-antivirus-gratis\" width=\"500\" height=\"158\" srcset=\"http:\/\/www.sec-comp.net\/v1\/wp-content\/uploads\/2014\/07\/comparativa-antivirus-gratis.jpg 500w, http:\/\/www.sec-comp.net\/v1\/wp-content\/uploads\/2014\/07\/comparativa-antivirus-gratis-300x94.jpg 300w\" sizes=\"auto, (max-width: 500px) 100vw, 500px\" \/><\/a><\/p>\n<p style=\"text-align: justify;\"><span style=\"text-decoration: underline;\"><b>Virusi<\/b><\/span><b> <\/b>su programi koji mogu zaraziti druge programe tako da u njih unese kopiju samog sebe. Virus se mo\u017ee pro\u0161iriti kroz mre\u017eu i tako zaraziti ostale ra\u010dunare u mre\u017ei. Svaki program koji je zara\u017een postaje virus i tako zaraza raste. <sup>.<br \/>\n<\/sup><\/p>\n<p style=\"text-align: justify;\">Pored virusa postoje i drugi zlonamjerni programi, npr.<strong><span style=\"text-decoration: underline;\"> trojanci i crvi<\/span>.<\/strong> Njihov zadatak je npr. kra\u0111a lozinki, brojeva kreditnih kartica, omogu\u0107avanje pristupa Va\u0161em ra\u010dunaru, itd.<\/p>\n<p style=\"text-align: justify;\"><strong><span style=\"text-decoration: underline;\">Koje ja to radnje obavljam u cilju za\u0161tite Va\u0161eg ra\u010dunara?<\/span><\/strong><\/p>\n<p style=\"text-align: justify;\">&#8211; instaliram aktuelnu i provjerenu antivirusnu za\u0161titu<br \/>\n&#8211; instaliram jo\u0161 2-3 neophodnih programa za uklanjanje trojanaca, crva, &#8230;<br \/>\n&#8211; instaliram program za \u010di\u0161\u0107enje sistema od nepotrenih fajlova i programa<br \/>\n&#8211; uklanjam sve programe i toolbar-ove koji mogu sadr\u017eavati \u0161tetne elemente<br \/>\n&#8211; provjeravam koji se to programi i servisi startuju sa ra\u010dunarom<br \/>\n&#8211; pokre\u0107em instalirane programe u cilju pronala\u017eenja i uklanjanja virusa i dr.<br \/>\n&#8211; ukoliko virus ne mo\u017ee biti izbrisan antivirusnim programom, bri\u0161em ga ru\u010dno<\/p>\n<p style=\"text-align: justify;\">U situaciji kada je ra\u010dunar do te mjere zara\u017een virusima, da se ne isplati \u010di\u0161\u0107enje, predla\u017eem novu instalaciju operativnog sistema. Na taj na\u010din \u0161tedimo i vrijeme i novac.<\/p>\n","protected":false},"excerpt":{"rendered":"<p>Virusi su programi koji mogu zaraziti druge programe tako da u njih unese kopiju samog sebe. Virus se mo\u017ee pro\u0161iriti kroz mre\u017eu i tako zaraziti ostale ra\u010dunare u mre\u017ei. Svaki program koji je zara\u017een postaje virus i tako zaraza raste. . Pored virusa postoje i drugi zlonamjerni programi, npr. trojanci i crvi. Njihov zadatak je [&hellip;]<\/p>\n","protected":false},"author":1,"featured_media":0,"parent":107,"menu_order":4,"comment_status":"closed","ping_status":"open","template":"","meta":{"footnotes":""},"class_list":["post-148","page","type-page","status-publish","hentry"],"_links":{"self":[{"href":"http:\/\/www.sec-comp.net\/v1\/index.php?rest_route=\/wp\/v2\/pages\/148","targetHints":{"allow":["GET"]}}],"collection":[{"href":"http:\/\/www.sec-comp.net\/v1\/index.php?rest_route=\/wp\/v2\/pages"}],"about":[{"href":"http:\/\/www.sec-comp.net\/v1\/index.php?rest_route=\/wp\/v2\/types\/page"}],"author":[{"embeddable":true,"href":"http:\/\/www.sec-comp.net\/v1\/index.php?rest_route=\/wp\/v2\/users\/1"}],"replies":[{"embeddable":true,"href":"http:\/\/www.sec-comp.net\/v1\/index.php?rest_route=%2Fwp%2Fv2%2Fcomments&post=148"}],"version-history":[{"count":15,"href":"http:\/\/www.sec-comp.net\/v1\/index.php?rest_route=\/wp\/v2\/pages\/148\/revisions"}],"predecessor-version":[{"id":221,"href":"http:\/\/www.sec-comp.net\/v1\/index.php?rest_route=\/wp\/v2\/pages\/148\/revisions\/221"}],"up":[{"embeddable":true,"href":"http:\/\/www.sec-comp.net\/v1\/index.php?rest_route=\/wp\/v2\/pages\/107"}],"wp:attachment":[{"href":"http:\/\/www.sec-comp.net\/v1\/index.php?rest_route=%2Fwp%2Fv2%2Fmedia&parent=148"}],"curies":[{"name":"wp","href":"https:\/\/api.w.org\/{rel}","templated":true}]}}