{"id":153,"date":"2014-07-08T14:25:41","date_gmt":"2014-07-08T12:25:41","guid":{"rendered":"http:\/\/www.sec-comp.net\/v1\/?page_id=153"},"modified":"2025-06-23T18:46:23","modified_gmt":"2025-06-23T16:46:23","slug":"video-nadzor","status":"publish","type":"page","link":"http:\/\/www.sec-comp.net\/v1\/?page_id=153","title":{"rendered":"IP video nadzor"},"content":{"rendered":"<p style=\"text-align: justify;\">\u017delite da znate \u0161ta se de\u0161ava u Va\u0161em stanu dok ste na odmoru? Ili \u017eelite da nadgledate prilaz Va\u0161oj firmi ili skladi\u0161tu?<\/p>\n<p style=\"text-align: justify;\">Video nadzor je najisplativiji alat za prevenciju kriminala koji ujedno posjeduje niz drugih izuzetno korisnih funkcija. Kada osobe znaju da postoji neki vid nadgledanja i da se njihovi postupci i djelovanje snimaju, to slu\u017ei kao vrlo sna\u017eno odvra\u0107anje od bilo kakve zloupotrebe i ne\u017eeljenih postupaka. Dodatna prednost IP Video nadzora je to \u0161to se bez problema mo\u017ee integrisati u Va\u0161u postoje\u0107u ra\u010dunarsku mre\u017eu. IP Video nadzor koristi klasi\u010dni mre\u017eni kabl za komunikaciju i bez problema se povezuje sa standardnim routerima. Veliki broj doma\u0107instava i firmi ima neki wireless router, isti se bez problema mo\u017ee iskoristiti i za IP Video nadzor. Pored klasi\u010dne kamere povezane mre\u017enim kablom, postoje kamere koje prenos podataka vr\u0161e be\u017ei\u010dnim putem (Wireless IP kamere). Uz kameru se\u00a0 koristi jo\u0161 i ure\u0111aj za snimanje podataka sa kamera. To mo\u017ee biti digitalni snima\u010d (NVR), ali mogu\u0107e je koristiti i neki ra\u010dunar koji bi obavljao funkciju snima\u010da. Pored toga, mogu\u0107e je pratiti rad kamera i pomo\u0107u Va\u0161eg mobilnog telefona (smartphone) ili tableta\u00a0 i softvera (naj\u010de\u0161\u0107e besplatan) koji se instalira na telefon ili tablet.<\/p>\n","protected":false},"excerpt":{"rendered":"<p>\u017delite da znate \u0161ta se de\u0161ava u Va\u0161em stanu dok ste na odmoru? Ili \u017eelite da nadgledate prilaz Va\u0161oj firmi ili skladi\u0161tu? Video nadzor je najisplativiji alat za prevenciju kriminala koji ujedno posjeduje niz drugih izuzetno korisnih funkcija. Kada osobe znaju da postoji neki vid nadgledanja i da se njihovi postupci i djelovanje snimaju, to [&hellip;]<\/p>\n","protected":false},"author":1,"featured_media":0,"parent":0,"menu_order":0,"comment_status":"closed","ping_status":"open","template":"","meta":{"footnotes":""},"class_list":["post-153","page","type-page","status-publish","hentry"],"_links":{"self":[{"href":"http:\/\/www.sec-comp.net\/v1\/index.php?rest_route=\/wp\/v2\/pages\/153","targetHints":{"allow":["GET"]}}],"collection":[{"href":"http:\/\/www.sec-comp.net\/v1\/index.php?rest_route=\/wp\/v2\/pages"}],"about":[{"href":"http:\/\/www.sec-comp.net\/v1\/index.php?rest_route=\/wp\/v2\/types\/page"}],"author":[{"embeddable":true,"href":"http:\/\/www.sec-comp.net\/v1\/index.php?rest_route=\/wp\/v2\/users\/1"}],"replies":[{"embeddable":true,"href":"http:\/\/www.sec-comp.net\/v1\/index.php?rest_route=%2Fwp%2Fv2%2Fcomments&post=153"}],"version-history":[{"count":7,"href":"http:\/\/www.sec-comp.net\/v1\/index.php?rest_route=\/wp\/v2\/pages\/153\/revisions"}],"predecessor-version":[{"id":269,"href":"http:\/\/www.sec-comp.net\/v1\/index.php?rest_route=\/wp\/v2\/pages\/153\/revisions\/269"}],"wp:attachment":[{"href":"http:\/\/www.sec-comp.net\/v1\/index.php?rest_route=%2Fwp%2Fv2%2Fmedia&parent=153"}],"curies":[{"name":"wp","href":"https:\/\/api.w.org\/{rel}","templated":true}]}}