{"id":251,"date":"2014-08-13T11:05:53","date_gmt":"2014-08-13T09:05:53","guid":{"rendered":"http:\/\/www.sec-comp.net\/v1\/?page_id=251"},"modified":"2014-08-13T11:30:12","modified_gmt":"2014-08-13T09:30:12","slug":"web-prezentacije","status":"publish","type":"page","link":"http:\/\/www.sec-comp.net\/v1\/?page_id=251","title":{"rendered":"Web prezentacije"},"content":{"rendered":"<p style=\"text-align: justify;\">Svakim danom raste broj osoba ili preduze\u0107a koja posjeduju svoje internet prezentacije. Skoro sva poslovna komunikacija i odr\u017eavanje kontakta tako\u0111er se vr\u0161i pomo\u0107u ra\u010dunara. Va\u0161a internet prezentacija predstavlja izlog Va\u0161eg preduze\u0107a u svijetu. Na ovaj na\u010din se znatno pove\u0107ava broj osoba upoznatih sa djelatno\u0161\u0107u Va\u0161e firme, na jednostavan na\u010din mo\u017eete prezentovati Va\u0161e proizvode ili usluge, itd. Moderna komunikacija omogu\u0107ava besplatno slanje dokumenata, slika i informacija u druge krajeve svijeta za samo nekoliko sekundi. Va\u0161u internet prezentaciju mogu vidjeti svi ljudi koji koriste internet. Svako ozbiljno preduze\u0107e svojim sada\u0161njim i budu\u0107im klijentima nudi informacije i komunikaciju preko sopstvene internet prezentacije. Internet je sve zastupljeniji u svrhu <strong>reklamiranja<\/strong> i<strong>predstavljanja<\/strong> nekog preduze\u0107a.<\/p>\n<p style=\"text-align: justify;\"><strong>Koje su to prednosti ovog vida komunikacije?<\/strong><\/p>\n<ul>\n<li>\n<div style=\"text-align: justify;\">cijena je znatno ni\u017ea u odnosu na klasi\u010dne medije<\/div>\n<\/li>\n<li>\n<div style=\"text-align: justify;\">24-satna dostupnost prezentacije<\/div>\n<\/li>\n<li>\n<div style=\"text-align: justify;\">nakon izrade prezentacije istu je mogu\u0107e na jednostavan na\u010din a\u017eurirati<\/div>\n<\/li>\n<li>\n<div style=\"text-align: justify;\">mogu\u0107a komunikacija sa korisnicima<\/div>\n<\/li>\n<\/ul>\n<p style=\"text-align: justify;\">Pored kvalitetne izrade web prezentacije mogu Vam obezbjediti i prostor na kojem \u0107e se nalaziti prezentacija, kao i potreban broj <strong>e-mail adresa<\/strong>\u00a0za slanje i primanje elektronske po\u0161te.<\/p>\n","protected":false},"excerpt":{"rendered":"<p>Svakim danom raste broj osoba ili preduze\u0107a koja posjeduju svoje internet prezentacije. Skoro sva poslovna komunikacija i odr\u017eavanje kontakta tako\u0111er se vr\u0161i pomo\u0107u ra\u010dunara. Va\u0161a internet prezentacija predstavlja izlog Va\u0161eg preduze\u0107a u svijetu. Na ovaj na\u010din se znatno pove\u0107ava broj osoba upoznatih sa djelatno\u0161\u0107u Va\u0161e firme, na jednostavan na\u010din mo\u017eete prezentovati Va\u0161e proizvode ili usluge, [&hellip;]<\/p>\n","protected":false},"author":1,"featured_media":0,"parent":0,"menu_order":0,"comment_status":"closed","ping_status":"open","template":"","meta":{"footnotes":""},"class_list":["post-251","page","type-page","status-publish","hentry"],"_links":{"self":[{"href":"http:\/\/www.sec-comp.net\/v1\/index.php?rest_route=\/wp\/v2\/pages\/251","targetHints":{"allow":["GET"]}}],"collection":[{"href":"http:\/\/www.sec-comp.net\/v1\/index.php?rest_route=\/wp\/v2\/pages"}],"about":[{"href":"http:\/\/www.sec-comp.net\/v1\/index.php?rest_route=\/wp\/v2\/types\/page"}],"author":[{"embeddable":true,"href":"http:\/\/www.sec-comp.net\/v1\/index.php?rest_route=\/wp\/v2\/users\/1"}],"replies":[{"embeddable":true,"href":"http:\/\/www.sec-comp.net\/v1\/index.php?rest_route=%2Fwp%2Fv2%2Fcomments&post=251"}],"version-history":[{"count":9,"href":"http:\/\/www.sec-comp.net\/v1\/index.php?rest_route=\/wp\/v2\/pages\/251\/revisions"}],"predecessor-version":[{"id":263,"href":"http:\/\/www.sec-comp.net\/v1\/index.php?rest_route=\/wp\/v2\/pages\/251\/revisions\/263"}],"wp:attachment":[{"href":"http:\/\/www.sec-comp.net\/v1\/index.php?rest_route=%2Fwp%2Fv2%2Fmedia&parent=251"}],"curies":[{"name":"wp","href":"https:\/\/api.w.org\/{rel}","templated":true}]}}